{"id":134,"date":"2023-04-14T16:00:44","date_gmt":"2023-04-14T16:00:44","guid":{"rendered":"https:\/\/recetasdelmar.com\/?page_id=134"},"modified":"2023-04-14T22:52:01","modified_gmt":"2023-04-14T22:52:01","slug":"preparados","status":"publish","type":"page","link":"https:\/\/recetasdelmar.com\/index.php\/preparados\/","title":{"rendered":"preparados"},"content":{"rendered":"\n<div class=\"wp-block-group alignfull has-base-color has-text-color has-background has-global-padding is-layout-constrained wp-block-group-is-layout-constrained\" style=\"background-color:#3fc5e6;padding-top:100px;padding-bottom:100px\">\n<div class=\"wp-block-columns alignwide is-layout-flex wp-container-core-columns-layout-1 wp-block-columns-is-layout-flex\">\n<div class=\"wp-block-column is-layout-flow wp-block-column-is-layout-flow\" style=\"flex-basis:33.33%\">\n<p class=\"has-large-font-size\" style=\"line-height:1.65\"><strong>sopa de pescado<\/strong><\/p>\n\n\n\n<p style=\"line-height:1.65\">Las sopas de marisco, son uno de los platos estrella de las costas pesqueras tanto en Espa\u00f1a como en el resto de Europa. La clave es emplear productos de calidad pero sobre todo, saber sacarles todo el provecho. Normalmente las sopas tienen cuatro productos principales.<\/p>\n\n\n\n<ul>\n<li><strong>Pescado base <\/strong>que suele ser blanco como la merluza, el rape el bacalao, siempre a la elecci\u00f3n &nbsp;vuestra.<\/li>\n\n\n\n<li>Por otro lado tenemos los <strong>crust\u00e1ceos<\/strong>, puedes ser gambas, carabineros, cigalas, langostinos\u2026 Aprovechamos las cascaras para hacer caldo y la carne para la propia sopa.<\/li>\n\n\n\n<li><strong>Moluscos <\/strong>como almejas, mejillones, berberechos, etc.<\/li>\n\n\n\n<li>Despu\u00e9s tenemos los <strong>cefal\u00f3podos<\/strong>, estos pueden ser calamar, pota o pot\u00f3n y tambi\u00e9n le dan sabor y textura a la sopa.<\/li>\n\n\n\n<li>Como opci\u00f3n podemos utilizar pan o patatas para darle m\u00e1s \u00abcuerpo\u00bb a la propia salsa.<\/li>\n<\/ul>\n\n\n\n<p style=\"line-height:1.65\">Hay <strong>tres procesos claves<\/strong> en una buena sopa de pescado:<\/p>\n\n\n\n<p>El primero es el <strong>caldo de pescado<\/strong>, para ello utilizaremos las c\u00e1scaras de nuestros crust\u00e1ceos, las sofreiremos un poco y a\u00f1adiremos una buena cantidad de agua fr\u00eda para conseguir toda la sustancia.<\/p>\n<\/div>\n\n\n\n<div class=\"wp-block-column is-layout-flow wp-block-column-is-layout-flow\" style=\"flex-basis:66.66%\">\n<figure class=\"wp-block-image size-large\"><img decoding=\"async\" src=\"https:\/\/cigalmaracademy.files.wordpress.com\/2023\/02\/1000_f_361413700_3te2tc6fbikw8neh4qcuxue7ospq5llz.jpg?w=959\" alt=\"\" class=\"wp-image-818\"\/><\/figure>\n\n\n\n<p style=\"line-height:1.65\"><\/p>\n\n\n\n<p style=\"line-height:1.65\">El segundo proceso es el <strong>sofrito<\/strong>, es muy importante ya que va a ser la base de nuestra sopa. Normalmente pondremos a cocinar en una cacerola un ajo, cebolla pimiento y tomate. Aqu\u00ed podremos echar si queremos el pan (previamente tostado) o la patata cocida. Despu\u00e9s lo que hacemos es a\u00f1adir el caldo anterior y triturarlo para hacer la sopa<\/p>\n\n\n\n<p>El ultimo paso  de nuestra receta ser\u00eda cocinar los mariscos y pescados en la salsa. Esto es muy sencillo pero debemos tener en cuenta los tiempos de cocci\u00f3n. Lo primero deben ser siempre los cefal\u00f3podos a continuaci\u00f3n el pescado y lo ultimo son los crust\u00e1ceos y moluscos.<\/p>\n\n\n\n<p style=\"line-height:1.65\">Existen muchos estilos para esta receta y siempre se puede personalizar, nosotros te presentamos estas propuestas.<\/p>\n<\/div>\n<\/div>\n<\/div>\n\n\n\n<div class=\"wp-block-group alignwide is-style-default has-text-color is-layout-flow wp-block-group-is-layout-flow\" style=\"color:#1f4c88;padding-top:0px;padding-right:0px;padding-bottom:0px;padding-left:0px\">\n<div class=\"wp-block-columns alignwide is-layout-flex wp-container-core-columns-layout-2 wp-block-columns-is-layout-flex\">\n<div class=\"wp-block-column is-layout-flow wp-block-column-is-layout-flow\" style=\"flex-basis:33.33%\">\n<p class=\"has-large-font-size\"><strong>sopa de marisco con tomate<\/strong><\/p>\n\n\n\n<h2 class=\"wp-block-heading has-medium-font-size\"><strong>ingredientes<\/strong><\/h2>\n\n\n\n<ul>\n<li>2 Bandejas de preparado de paella Cigalmar (Mejill\u00f3n con c\u00e1scara, tacos de pota, langostino entero y tacos de caella)<\/li>\n\n\n\n<li>1 Patata<\/li>\n\n\n\n<li>1 Cebolla<\/li>\n\n\n\n<li>1 Tomate<\/li>\n\n\n\n<li>\u00bd Pimiento rojo<\/li>\n\n\n\n<li>1 Hoja de laurel<\/li>\n\n\n\n<li>Aceite de oliva<\/li>\n\n\n\n<li>Sal<\/li>\n\n\n\n<li>Pimienta<\/li>\n\n\n\n<li>Piment\u00f3n dulce<\/li>\n\n\n\n<li>Hebras de azafr\u00e1n<\/li>\n<\/ul>\n\n\n\n<p>Vamos a hacer un caldo con las c\u00e1scaras de las gambas (reservamos unas pocas enteras), primero las sofre\u00edmos en una cacerola con un fondo de aceite de oliva. <\/p>\n\n\n\n<p>A\u00f1adimos unos 2L de agua muy fr\u00eda una patata unas hojas de laurel y dejamos cocer durante una hora, despu\u00e9s colamos las cascaras, retiramos la patata y reservamos. <\/p>\n<\/div>\n\n\n\n<div class=\"wp-block-column is-layout-flow wp-block-column-is-layout-flow\" style=\"flex-basis:66.66%\">\n<figure class=\"wp-block-image size-full\"><img decoding=\"async\" src=\"https:\/\/cigalmaracademy.files.wordpress.com\/2023\/01\/1000_f_231454362_hgfiulq1mziidvphnzzsgg1yuq4gquhy.jpg\" alt=\"\" class=\"wp-image-371\"\/><\/figure>\n\n\n\n<p> Hacemos el sofrito con la cebolla el ajo y el tomate y lo dejamos cocinar hasta que el tomate suelte toda el agua tambi\u00e9n a\u00f1adimos las hebras de azafr\u00e1n. Incorporamos el caldo que ten\u00edamos listo y la patata esperamos a que hierva en ese momento lo apartamos del fuego y lo batimos hasta conseguir una sopa sin grumos, lo probamos y salpimentamos al gusto, tambi\u00e9n podemos a\u00f1adir el piment\u00f3n dulce<\/p>\n\n\n\n<p>Volvemos a poner al fuego y ahora vamos a cocer en nuestra sopa por orden, el poton y la pota, lo dejamos cocinar 15 minutos y a\u00f1adimos los tacos de Caella las gambas peladas y enteras y los mejillones.<\/p>\n\n\n\n<p>Cocemos por 15 minutos m\u00e1s y retiramos del fuego. Servimos en plato con cucharon.<\/p>\n<\/div>\n<\/div>\n\n\n\n<div style=\"height:100px\" aria-hidden=\"true\" class=\"wp-block-spacer\"><\/div>\n\n\n\n<div class=\"wp-block-columns alignwide is-layout-flex wp-container-core-columns-layout-3 wp-block-columns-is-layout-flex\">\n<div class=\"wp-block-column is-layout-flow wp-block-column-is-layout-flow\" style=\"flex-basis:33.33%\">\n<p class=\"has-large-font-size\"><strong>sopa de marisco con merluza<\/strong><\/p>\n\n\n\n<p class=\"has-medium-font-size\"><strong>ingredientes<\/strong><\/p>\n\n\n\n<ul>\n<li>2 Bandejas de preparado de paella Cigalmar (Almeja, langostino, gamba y Anilla de pota)<\/li>\n\n\n\n<li>4 Rodajas de merluza<\/li>\n\n\n\n<li>2 Dientes de ajo<\/li>\n\n\n\n<li>1 Cebolla<\/li>\n\n\n\n<li>1 Tomate<\/li>\n\n\n\n<li>\u00bd Pimiento rojo<\/li>\n\n\n\n<li>\u00bd Pimiento verde<\/li>\n\n\n\n<li>Pan duro o tostado<\/li>\n\n\n\n<li>\u00bd Pimiento rojo<\/li>\n\n\n\n<li>1 Ramo de perejil<\/li>\n\n\n\n<li>Aceite de oliva<\/li>\n\n\n\n<li>Sal<\/li>\n<\/ul>\n\n\n\n<p style=\"font-size:clamp(14px, 0.875rem + ((1vw - 3.2px) * 0.455), 18px);\">Comenzamos con el caldo, para el cocinaremos en una cacerola con un fondo de aceite las carcasas y las cabezas de las cigalas que limpiamos previamente, las dejamos que suelten el jugo y echamos despu\u00e9s 2 l de agua fr\u00eda y lo dejamos que rompa a hervir. Despu\u00e9s lo dejamos cocinar a fuego medio bajo 1 h. Lo colamos y reservamos para la siguiente elaboraci\u00f3n.<\/p>\n<\/div>\n\n\n\n<div class=\"wp-block-column is-layout-flow wp-block-column-is-layout-flow\" style=\"flex-basis:66.66%\">\n<figure class=\"wp-block-image size-full\"><img decoding=\"async\" src=\"https:\/\/cigalmaracademy.files.wordpress.com\/2023\/01\/1000_f_191593033_lrhnxguhijumuqd6awqo4n9top49f9dr.jpg\" alt=\"\" class=\"wp-image-369\"\/><\/figure>\n\n\n\n<p>Vamos a preparar el sofrito, en una olla ponemos un fondo de aceite y en el podemos ajo y cebolla muy bien picados a pochar, a\u00f1adimos el pimiento verde y rojo a cubitos y por \u00faltimo el tomate tambi\u00e9n muy picado. Cuando suelte toda el agua, a\u00f1adimos el pan tostado, lo cortaremos en trozos muy peque\u00f1os para que sea m\u00e1s sencillo de trabajar. lo cocinamos unos minutos y despu\u00e9s a\u00f1adimos el caldo anterior. Lo llevamos a hervir y retiramos del fuego.<\/p>\n\n\n\n<p>Vamos a batir toda la mezcla para conseguir una sopa, la podemos pasar por un colador para dejarla aun mas suave. Salpimentamos y vamos a\u00f1adiendo el resto de los ingredientes, como siempre pota primero, dejamos cocinar 15, minutos y a continuaci\u00f3n el resto de ingredientes. lo dejamos cocinar durante 5 minutos m\u00e1s y podemos servir.<\/p>\n\n\n\n<p>En este vemos que se puede hacer una sopa sin tener un pescado principal.<\/p>\n<\/div>\n<\/div>\n<\/div>\n\n\n\n<div style=\"height:100px\" aria-hidden=\"true\" class=\"wp-block-spacer\"><\/div>\n\n\n\n<div class=\"wp-block-group alignfull has-text-color is-layout-flow wp-block-group-is-layout-flow\" style=\"color:#11266d;margin-top:0px;margin-bottom:0px;padding-top:var(--wp--preset--spacing--30);padding-right:var(--wp--preset--spacing--30);padding-bottom:var(--wp--preset--spacing--30);padding-left:var(--wp--preset--spacing--30)\">\n<div class=\"wp-block-columns is-layout-flex wp-container-core-columns-layout-4 wp-block-columns-is-layout-flex\">\n<div class=\"wp-block-column is-layout-flow wp-block-column-is-layout-flow\">\n<figure class=\"wp-block-embed is-type-video is-provider-youtube wp-block-embed-youtube wp-embed-aspect-16-9 wp-has-aspect-ratio\"><div class=\"wp-block-embed__wrapper\">\n<iframe loading=\"lazy\" title=\"PAELLA MARINERA CON PRODUCTO CONGELADO Y SUPER RICA!!!\" width=\"500\" height=\"281\" src=\"https:\/\/www.youtube.com\/embed\/IwTL9uDom0Y?feature=oembed\" frameborder=\"0\" allow=\"accelerometer; autoplay; clipboard-write; encrypted-media; gyroscope; picture-in-picture; web-share\" allowfullscreen><\/iframe>\n<\/div><figcaption class=\"wp-element-caption\"><strong>Paella marinera con producto congelado y super rica<\/strong> | Recetas Mar\u00eda Esteve<\/figcaption><\/figure>\n\n\n\n<figure class=\"wp-block-embed is-type-video is-provider-youtube wp-block-embed-youtube wp-embed-aspect-16-9 wp-has-aspect-ratio\"><div class=\"wp-block-embed__wrapper\">\n<iframe loading=\"lazy\" title=\"SOPA DE PESCADO ~ Primer plato especial para Navidad\" width=\"500\" height=\"281\" src=\"https:\/\/www.youtube.com\/embed\/_mWyAURy1As?feature=oembed\" frameborder=\"0\" allow=\"accelerometer; autoplay; clipboard-write; encrypted-media; gyroscope; picture-in-picture; web-share\" allowfullscreen><\/iframe>\n<\/div><figcaption class=\"wp-element-caption\"><strong>Sopa de pescado<\/strong> | Y hoy que comemos<\/figcaption><\/figure>\n\n\n\n<figure class=\"wp-block-embed is-type-video is-provider-youtube wp-block-embed-youtube wp-embed-aspect-16-9 wp-has-aspect-ratio\"><div class=\"wp-block-embed__wrapper\">\n<iframe loading=\"lazy\" title=\"SOPA de Pescado y Marisco \u00a1DELICIOOOSA! | Receta PASO a PASO\" width=\"500\" height=\"281\" src=\"https:\/\/www.youtube.com\/embed\/4hQJYs1b5ME?start=32&#038;feature=oembed\" frameborder=\"0\" allow=\"accelerometer; autoplay; clipboard-write; encrypted-media; gyroscope; picture-in-picture; web-share\" allowfullscreen><\/iframe>\n<\/div><figcaption class=\"wp-element-caption\"><strong>Sopa de Pescado y Marisco Deliciosa Receta paso a paso<\/strong> | <a href=\"https:\/\/www.youtube.com\/@RecetasparasiempreMP\">Recetas para siempre MP<\/a><\/figcaption><\/figure>\n<\/div>\n\n\n\n<div class=\"wp-block-column is-layout-flow wp-block-column-is-layout-flow\">\n<figure class=\"wp-block-embed is-type-video is-provider-youtube wp-block-embed-youtube wp-embed-aspect-16-9 wp-has-aspect-ratio\"><div class=\"wp-block-embed__wrapper\">\n<iframe loading=\"lazy\" title=\"Sopa de Pescado y Marisco | Receta Sencilla y Deliciosa\" width=\"500\" height=\"281\" src=\"https:\/\/www.youtube.com\/embed\/B_wGQJOJZoA?start=19&#038;feature=oembed\" frameborder=\"0\" allow=\"accelerometer; autoplay; clipboard-write; encrypted-media; gyroscope; picture-in-picture; web-share\" allowfullscreen><\/iframe>\n<\/div><figcaption class=\"wp-element-caption\"><strong>Sopa de Pescado y Marisco Receta Sencilla y Deliciosa<\/strong> | Cocina con Carmen<\/figcaption><\/figure>\n\n\n\n<figure class=\"wp-block-embed is-type-video is-provider-youtube wp-block-embed-youtube wp-embed-aspect-16-9 wp-has-aspect-ratio\"><div class=\"wp-block-embed__wrapper\">\n<iframe loading=\"lazy\" title=\"Sopa de pescado sencilla\" width=\"500\" height=\"281\" src=\"https:\/\/www.youtube.com\/embed\/QoOqUdOrZYc?feature=oembed\" frameborder=\"0\" allow=\"accelerometer; autoplay; clipboard-write; encrypted-media; gyroscope; picture-in-picture; web-share\" allowfullscreen><\/iframe>\n<\/div><figcaption class=\"wp-element-caption\"><strong>Sopa de pescado sencilla<\/strong> | Recetas de cocina casera<\/figcaption><\/figure>\n\n\n\n<figure class=\"wp-block-embed is-type-video is-provider-youtube wp-block-embed-youtube wp-embed-aspect-16-9 wp-has-aspect-ratio\"><div class=\"wp-block-embed__wrapper\">\n<iframe loading=\"lazy\" title=\"C\u00f3mo hacer Salpic\u00f3n de marisco\/Receta f\u00e1cil\/Meluzas cantando\" width=\"500\" height=\"281\" src=\"https:\/\/www.youtube.com\/embed\/Ev_yp5JvYXk?feature=oembed\" frameborder=\"0\" allow=\"accelerometer; autoplay; clipboard-write; encrypted-media; gyroscope; picture-in-picture; web-share\" allowfullscreen><\/iframe>\n<\/div><figcaption class=\"wp-element-caption\"><strong>C\u00f3mo hacer Salpic\u00f3n de marisco\/Receta f\u00e1cil\/Merluzas cantando <\/strong>| La cocina del pirata<br><a href=\"https:\/\/www.youtube.com\/@LaCocinaDelPirata\"><\/a><br><\/figcaption><\/figure>\n<\/div>\n\n\n\n<div class=\"wp-block-column is-layout-flow wp-block-column-is-layout-flow\">\n<figure class=\"wp-block-embed is-type-video is-provider-youtube wp-block-embed-youtube wp-embed-aspect-16-9 wp-has-aspect-ratio\"><div class=\"wp-block-embed__wrapper\">\n<iframe loading=\"lazy\" title=\"Salpic\u00f3n de marisco cl\u00e1sico #JavierRomero\" width=\"500\" height=\"281\" src=\"https:\/\/www.youtube.com\/embed\/rjng1-i2VSc?feature=oembed\" frameborder=\"0\" allow=\"accelerometer; autoplay; clipboard-write; encrypted-media; gyroscope; picture-in-picture; web-share\" allowfullscreen><\/iframe>\n<\/div><figcaption class=\"wp-element-caption\"><strong>Salpic\u00f3n de marisco cl\u00e1sico\u00a0<a href=\"https:\/\/www.youtube.com\/hashtag\/javierromero\">#JavierRomero<\/a><\/strong> | Javier Romero<\/figcaption><\/figure>\n\n\n\n<figure class=\"wp-block-embed is-type-video is-provider-youtube wp-block-embed-youtube wp-embed-aspect-16-9 wp-has-aspect-ratio\"><div class=\"wp-block-embed__wrapper\">\n<iframe loading=\"lazy\" title=\"Paella con Mix de mariscos congelados, en sart\u00e9n!#lacomidadecadadia#cocinaencasa\" width=\"500\" height=\"281\" src=\"https:\/\/www.youtube.com\/embed\/S0L9EY0p6sA?feature=oembed\" frameborder=\"0\" allow=\"accelerometer; autoplay; clipboard-write; encrypted-media; gyroscope; picture-in-picture; web-share\" allowfullscreen><\/iframe>\n<\/div><figcaption class=\"wp-element-caption\"><strong>Paella de mix Marisco congelado<\/strong> | La comida de cada d\u00eda<\/figcaption><\/figure>\n\n\n\n<figure class=\"wp-block-embed is-type-video is-provider-youtube wp-block-embed-youtube wp-embed-aspect-16-9 wp-has-aspect-ratio\"><div class=\"wp-block-embed__wrapper\">\n<iframe loading=\"lazy\" title=\"Sopa de Marisco y Pescado muy F\u00e1cil y Deliciosa\" width=\"500\" height=\"281\" src=\"https:\/\/www.youtube.com\/embed\/tv3E8BPI3QY?feature=oembed\" frameborder=\"0\" allow=\"accelerometer; autoplay; clipboard-write; encrypted-media; gyroscope; picture-in-picture; web-share\" allowfullscreen><\/iframe>\n<\/div><figcaption class=\"wp-element-caption\"><strong>Sopa de Marisco y Pescado muy F\u00e1cil y Deliciosa<\/strong> | Cocina con Carmen<\/figcaption><\/figure>\n<\/div>\n<\/div>\n<\/div>\n","protected":false},"excerpt":{"rendered":"<p>sopa de pescado Las sopas de marisco, son uno de los platos estrella de las costas pesqueras tanto en Espa\u00f1a como en el resto de Europa. La clave es emplear productos de calidad pero sobre todo, saber sacarles todo el provecho. Normalmente las sopas tienen cuatro productos principales. Hay tres procesos claves en una buena [&hellip;]<\/p>\n","protected":false},"author":1,"featured_media":0,"parent":0,"menu_order":0,"comment_status":"closed","ping_status":"closed","template":"","meta":{"footnotes":""},"_links":{"self":[{"href":"https:\/\/recetasdelmar.com\/index.php\/wp-json\/wp\/v2\/pages\/134"}],"collection":[{"href":"https:\/\/recetasdelmar.com\/index.php\/wp-json\/wp\/v2\/pages"}],"about":[{"href":"https:\/\/recetasdelmar.com\/index.php\/wp-json\/wp\/v2\/types\/page"}],"author":[{"embeddable":true,"href":"https:\/\/recetasdelmar.com\/index.php\/wp-json\/wp\/v2\/users\/1"}],"replies":[{"embeddable":true,"href":"https:\/\/recetasdelmar.com\/index.php\/wp-json\/wp\/v2\/comments?post=134"}],"version-history":[{"count":4,"href":"https:\/\/recetasdelmar.com\/index.php\/wp-json\/wp\/v2\/pages\/134\/revisions"}],"predecessor-version":[{"id":255,"href":"https:\/\/recetasdelmar.com\/index.php\/wp-json\/wp\/v2\/pages\/134\/revisions\/255"}],"wp:attachment":[{"href":"https:\/\/recetasdelmar.com\/index.php\/wp-json\/wp\/v2\/media?parent=134"}],"curies":[{"name":"wp","href":"https:\/\/api.w.org\/{rel}","templated":true}]}}