{"id":475,"date":"2023-12-29T10:47:15","date_gmt":"2023-12-29T10:47:15","guid":{"rendered":"https:\/\/recetasdelmar.com\/?page_id=475"},"modified":"2023-12-29T10:47:15","modified_gmt":"2023-12-29T10:47:15","slug":"cabra","status":"publish","type":"page","link":"https:\/\/recetasdelmar.com\/index.php\/cabra\/","title":{"rendered":"cabra"},"content":{"rendered":"\n<div class=\"wp-block-group alignfull has-base-color has-primary-background-color has-text-color has-background has-link-color wp-elements-37f8b534d9a4e35309eb05e410cb0208 is-layout-flow wp-block-group-is-layout-flow\" style=\"padding-top:6vw;padding-right:6vw;padding-bottom:6vw;padding-left:6vw\">\n<div class=\"wp-block-group is-vertical is-nowrap is-layout-flex wp-container-core-group-layout-1 wp-block-group-is-layout-flex\" style=\"padding-right:0;padding-left:0\">\n<h6 class=\"wp-block-heading has-base-color has-text-color has-large-font-size\" id=\"ecosystem\" style=\"font-style:normal;font-weight:700;text-transform:lowercase\">pastel de cabracho<\/h6>\n\n\n\n<p class=\"has-base-color has-text-color has-medium-font-size\" style=\"font-style:normal;font-weight:700;letter-spacing:0px;line-height:0.9;text-decoration:none;text-transform:none\">ingredientes<\/p>\n<\/div>\n\n\n\n<div style=\"height:1vw\" aria-hidden=\"true\" class=\"wp-block-spacer\"><\/div>\n\n\n\n<div class=\"wp-block-group alignwide is-vertical is-nowrap is-layout-flex wp-container-core-group-layout-2 wp-block-group-is-layout-flex\" style=\"padding-top:0;padding-right:0;padding-bottom:0;padding-left:0\">\n<div class=\"wp-block-columns alignwide is-layout-flex wp-container-core-columns-layout-1 wp-block-columns-is-layout-flex\">\n<div class=\"wp-block-column is-layout-flow wp-block-column-is-layout-flow\" style=\"flex-basis:33.38%\">\n<ul>\n<li class=\"has-small-font-size\">1 cebolla<\/li>\n\n\n\n<li class=\"has-small-font-size\">1 zanahoria&nbsp;<\/li>\n\n\n\n<li class=\"has-small-font-size\">1 rama de apio<\/li>\n\n\n\n<li class=\"has-small-font-size\">2 hojas de laurel<\/li>\n\n\n\n<li class=\"has-small-font-size\">Sal<\/li>\n\n\n\n<li class=\"has-small-font-size\">3 cabrachos de unos 250 g cada uno<\/li>\n\n\n\n<li class=\"has-small-font-size\">6 huevos&nbsp;<\/li>\n\n\n\n<li class=\"has-small-font-size\">200 ml de nata<\/li>\n\n\n\n<li class=\"has-small-font-size\">Tomate natural&nbsp;<\/li>\n\n\n\n<li class=\"has-small-font-size\">Pimientos de piquillo&nbsp;<\/li>\n\n\n\n<li class=\"has-small-font-size\">Sal<\/li>\n\n\n\n<li class=\"has-small-font-size\">Pimienta&nbsp;<\/li>\n\n\n\n<li class=\"has-small-font-size\">Salsa rosa<\/li>\n\n\n\n<li class=\"has-small-font-size\">Tostadas<\/li>\n<\/ul>\n\n\n\n<p class=\"has-base-color has-text-color has-small-font-size\">Comenzamos haciendo un caldo. En una olla una olla calentamos agua y a\u00f1adimos la zanahoria, el apio, las hojas de laurel y la cebolla. Dejamos\u00a0 que hierva durante al menos 20 minutos y luego, a\u00f1adimos los cabrachos a la olla. Tapamos de nuevo y en cuanto rompa a hervir, apagamos el fuego. Lo dejamos reposar durante 15 minutos\u00a0<\/p>\n<\/div>\n\n\n\n<div class=\"wp-block-column is-layout-flow wp-block-column-is-layout-flow\" style=\"flex-basis:33%\">\n<figure class=\"wp-block-image size-large\"><img loading=\"lazy\" decoding=\"async\" width=\"1024\" height=\"732\" src=\"https:\/\/recetasdelmar.com\/wp-content\/uploads\/2023\/12\/DSC_0498-1024x732.jpg\" alt=\"\" class=\"wp-image-476\" srcset=\"https:\/\/recetasdelmar.com\/wp-content\/uploads\/2023\/12\/DSC_0498-1024x732.jpg 1024w, https:\/\/recetasdelmar.com\/wp-content\/uploads\/2023\/12\/DSC_0498-300x214.jpg 300w, https:\/\/recetasdelmar.com\/wp-content\/uploads\/2023\/12\/DSC_0498-768x549.jpg 768w, https:\/\/recetasdelmar.com\/wp-content\/uploads\/2023\/12\/DSC_0498.jpg 1048w\" sizes=\"(max-width: 1024px) 100vw, 1024px\" \/><\/figure>\n\n\n\n<figure class=\"wp-block-image size-large\"><img loading=\"lazy\" decoding=\"async\" width=\"1024\" height=\"732\" src=\"https:\/\/recetasdelmar.com\/wp-content\/uploads\/2023\/12\/DSC_0502-1024x732.jpg\" alt=\"\" class=\"wp-image-477\" srcset=\"https:\/\/recetasdelmar.com\/wp-content\/uploads\/2023\/12\/DSC_0502-1024x732.jpg 1024w, https:\/\/recetasdelmar.com\/wp-content\/uploads\/2023\/12\/DSC_0502-300x214.jpg 300w, https:\/\/recetasdelmar.com\/wp-content\/uploads\/2023\/12\/DSC_0502-768x549.jpg 768w, https:\/\/recetasdelmar.com\/wp-content\/uploads\/2023\/12\/DSC_0502.jpg 1048w\" sizes=\"(max-width: 1024px) 100vw, 1024px\" \/><\/figure>\n\n\n\n<p class=\"has-small-font-size\">Una vez transcurrido el tiempo de reposo, retiramos con cuidado el cabracho del caldo y lo desmenuzamos, asegur\u00e1ndonos de quitarle la piel y todas las espinas.<\/p>\n<\/div>\n\n\n\n<div class=\"wp-block-column is-layout-flow wp-block-column-is-layout-flow\" style=\"flex-basis:33.62%\">\n<div style=\"height:5px\" aria-hidden=\"true\" class=\"wp-block-spacer\"><\/div>\n\n\n\n<figure class=\"wp-block-image size-large\"><img loading=\"lazy\" decoding=\"async\" width=\"731\" height=\"1024\" src=\"https:\/\/recetasdelmar.com\/wp-content\/uploads\/2023\/12\/DSC_0650-731x1024.jpg\" alt=\"\" class=\"wp-image-482\" srcset=\"https:\/\/recetasdelmar.com\/wp-content\/uploads\/2023\/12\/DSC_0650-731x1024.jpg 731w, https:\/\/recetasdelmar.com\/wp-content\/uploads\/2023\/12\/DSC_0650-214x300.jpg 214w, https:\/\/recetasdelmar.com\/wp-content\/uploads\/2023\/12\/DSC_0650.jpg 750w\" sizes=\"(max-width: 731px) 100vw, 731px\" \/><\/figure>\n\n\n\n<p class=\"has-small-font-size\">Ahora que hemos desmenuzado el cabracho, precalentamos el horno a 180 \u00baC. En un recipiente de procesador de alimentos o batidora, colocamos el cabracho, los huevos, la nata, el tomate y el pimiento. Trituramos todo hasta obtener una mezcla uniforme y sin grumos. Aseg\u00farate de que todos los ingredientes est\u00e9n completamente mezclados.<\/p>\n<\/div>\n<\/div>\n\n\n\n<div class=\"wp-block-columns alignwide is-layout-flex wp-container-core-columns-layout-2 wp-block-columns-is-layout-flex\">\n<div class=\"wp-block-column is-layout-flow wp-block-column-is-layout-flow\" style=\"flex-basis:69%\">\n<figure class=\"wp-block-image size-large\"><img loading=\"lazy\" decoding=\"async\" width=\"1024\" height=\"732\" src=\"https:\/\/recetasdelmar.com\/wp-content\/uploads\/2023\/12\/DSC_0656-1024x732.jpg\" alt=\"\" class=\"wp-image-483\" srcset=\"https:\/\/recetasdelmar.com\/wp-content\/uploads\/2023\/12\/DSC_0656-1024x732.jpg 1024w, https:\/\/recetasdelmar.com\/wp-content\/uploads\/2023\/12\/DSC_0656-300x214.jpg 300w, https:\/\/recetasdelmar.com\/wp-content\/uploads\/2023\/12\/DSC_0656-768x549.jpg 768w, https:\/\/recetasdelmar.com\/wp-content\/uploads\/2023\/12\/DSC_0656.jpg 1048w\" sizes=\"(max-width: 1024px) 100vw, 1024px\" \/><\/figure>\n<\/div>\n\n\n\n<div class=\"wp-block-column is-vertically-aligned-center is-layout-flow wp-block-column-is-layout-flow\" style=\"flex-basis:33%\">\n<div style=\"height:2vw\" aria-hidden=\"true\" class=\"wp-block-spacer\"><\/div>\n\n\n\n<p style=\"font-size:clamp(14px, 0.875rem + ((1vw - 3.2px) * 0.341), 17px);\">Vertemos la mezcla en un molde rectangular que previamente hemos forrado en la base con papel de hornear, lo cual facilitar\u00e1 su desmolde posterior. Colocamos el molde dentro de una fuente apta para horno y lo llenamos con 1 litro de agua caliente. Luego, cubrimos el molde con papel de hornear y papel de aluminio. Introducimos el molde en el horno precalentado y horneamos durante 45 minutos a una temperatura de 180 \u00baC.<\/p>\n<\/div>\n<\/div>\n<\/div>\n\n\n\n<p>Una vez que el tiempo de horneado ha transcurrido, retiramos el pastel del horno y lo dejamos enfriar ligeramente. Luego, lo colocamos en el refrigerador y lo dejamos enfriar hasta el d\u00eda siguiente para que adquiera una consistencia fr\u00eda y firme. Desmoldamos el pastel, lo decoramos y finalmente, servimos nuestro exquisito pastel de cabracho con biscotes o tostas de pan, acompa\u00f1ado de mayonesa casera, salsa rosa o ambas, seg\u00fan nuestras preferencias. El pastel estar\u00e1 lleno de sabor y su textura suave y cremosa ser\u00e1 irresistible.<\/p>\n<\/div>\n","protected":false},"excerpt":{"rendered":"<p>pastel de cabracho ingredientes Comenzamos haciendo un caldo. En una olla una olla calentamos agua y a\u00f1adimos la zanahoria, el apio, las hojas de laurel y la cebolla. Dejamos\u00a0 que hierva durante al menos 20 minutos y luego, a\u00f1adimos los cabrachos a la olla. Tapamos de nuevo y en cuanto rompa a hervir, apagamos el [&hellip;]<\/p>\n","protected":false},"author":1,"featured_media":0,"parent":0,"menu_order":0,"comment_status":"closed","ping_status":"closed","template":"","meta":{"footnotes":""},"_links":{"self":[{"href":"https:\/\/recetasdelmar.com\/index.php\/wp-json\/wp\/v2\/pages\/475"}],"collection":[{"href":"https:\/\/recetasdelmar.com\/index.php\/wp-json\/wp\/v2\/pages"}],"about":[{"href":"https:\/\/recetasdelmar.com\/index.php\/wp-json\/wp\/v2\/types\/page"}],"author":[{"embeddable":true,"href":"https:\/\/recetasdelmar.com\/index.php\/wp-json\/wp\/v2\/users\/1"}],"replies":[{"embeddable":true,"href":"https:\/\/recetasdelmar.com\/index.php\/wp-json\/wp\/v2\/comments?post=475"}],"version-history":[{"count":1,"href":"https:\/\/recetasdelmar.com\/index.php\/wp-json\/wp\/v2\/pages\/475\/revisions"}],"predecessor-version":[{"id":488,"href":"https:\/\/recetasdelmar.com\/index.php\/wp-json\/wp\/v2\/pages\/475\/revisions\/488"}],"wp:attachment":[{"href":"https:\/\/recetasdelmar.com\/index.php\/wp-json\/wp\/v2\/media?parent=475"}],"curies":[{"name":"wp","href":"https:\/\/api.w.org\/{rel}","templated":true}]}}