{"id":51,"date":"2023-04-14T21:54:36","date_gmt":"2023-04-14T21:54:36","guid":{"rendered":"https:\/\/cigalmaracadmico.wordpress.com\/?page_id=51"},"modified":"2023-04-20T12:22:14","modified_gmt":"2023-04-20T12:22:14","slug":"cefalopos","status":"publish","type":"page","link":"https:\/\/recetasdelmar.com\/index.php\/cefalopos\/","title":{"rendered":"cefal\u00f3pos"},"content":{"rendered":"\n<p class=\"has-text-align-left has-base-color has-secondary-background-color has-text-color has-background\" style=\"margin-top:0;margin-right:0;margin-bottom:0;margin-left:0;padding-top:var(--wp--preset--spacing--30);padding-right:var(--wp--preset--spacing--30);padding-bottom:var(--wp--preset--spacing--30);padding-left:var(--wp--preset--spacing--30);font-size:clamp(2.2rem, 2.2rem + ((1vw - 0.2rem) * 3.273), 4rem);\"><strong>pota<\/strong><\/p>\n\n\n\n<figure class=\"wp-block-embed is-type-video is-provider-youtube wp-block-embed-youtube wp-embed-aspect-16-9 wp-has-aspect-ratio\"><div class=\"wp-block-embed__wrapper\">\n<iframe loading=\"lazy\" title=\"POTON A LA PLANCHA CON CREMA Y PUNTAS DE TRIGUEROS FRITOS\" width=\"500\" height=\"281\" src=\"https:\/\/www.youtube.com\/embed\/yq_1CzA-wHc?feature=oembed\" frameborder=\"0\" allow=\"accelerometer; autoplay; clipboard-write; encrypted-media; gyroscope; picture-in-picture; web-share\" allowfullscreen><\/iframe>\n<\/div><\/figure>\n\n\n\n<div class=\"wp-block-group alignwide has-background-color has-text-color has-background is-layout-flow wp-block-group-is-layout-flow\" style=\"background-color:#2a3855\">\n<div class=\"wp-block-columns alignwide has-base-color has-text-color has-small-font-size is-layout-flex wp-container-core-columns-layout-1 wp-block-columns-is-layout-flex\" style=\"padding-top:var(--wp--preset--spacing--30);padding-right:var(--wp--preset--spacing--30);padding-bottom:var(--wp--preset--spacing--30);padding-left:var(--wp--preset--spacing--30)\">\n<div class=\"wp-block-column has-background-color has-text-color is-layout-flow wp-block-column-is-layout-flow\">\n<figure class=\"wp-block-image size-large is-resized\"><img loading=\"lazy\" decoding=\"async\" src=\"https:\/\/cigalmaracademy.files.wordpress.com\/2022\/12\/pexels-bam-awey-5335919-edited.jpg\" alt=\"\" class=\"wp-image-123\" width=\"450\" height=\"450\"\/><\/figure>\n\n\n\n<p class=\"has-large-font-size\"><strong>crujientes de pota y gambas<\/strong><\/p>\n\n\n\n<p class=\"has-medium-font-size\"><strong>ingredientes<\/strong><\/p>\n\n\n\n<ul>\n<li>200g Pota en tiras o anillas<\/li>\n\n\n\n<li>200 g Gambas limpias<\/li>\n\n\n\n<li>2 Huevos<\/li>\n\n\n\n<li>Pan rallado o copos de cereales crujientes<\/li>\n\n\n\n<li>Aceite para freir<\/li>\n\n\n\n<li>1 vaso de aceite de girasol o vegetal<\/li>\n\n\n\n<li>1 cucharada de vinagre<\/li>\n\n\n\n<li>Sal<\/li>\n<\/ul>\n\n\n\n<p>Comenzamos pelando y limpiando los langostinos cortamos tambi\u00e9n la pota a nuestro gusto. Vamos a batir 1 huevo y a pasar la pota y las gambas por \u00e9l, a continuaci\u00f3n  pasamos todo por el pan rallado aunque lo podemos sustituir por copos de cereales triturados y lo vamos a fre\u00edr todo en abundante aceite caliente un par de minutos. Reservamos sobre papel absorbente<\/p>\n\n\n\n<p>Para hacer la mayonesa casera vamos a utilizar una batidora de brazo. En ella incorporamos un huevo despu\u00e9s echamos el aceite vegetal la sal y el vinagre. Colocamos el brazo de la batidora de forma suave y empezamos a batir sin mover el brazo y a velocidad baja, cuando empiece a tomar cuerpo podemos empezar a mover el brazo hasta que est\u00e9 lista.<\/p>\n\n\n\n<p>Servimos todo y acompa\u00f1amos con la mayonesa.<\/p>\n\n\n\n<p><strong>Truco<\/strong>: Para hacer salsa rosa, solo tenemos que a\u00f1adir k\u00e9tchup, brandy,  tabasco, zumo de naranja y un poco de salsa de soja a la mayonesa.<\/p>\n<\/div>\n\n\n\n<div class=\"wp-block-column has-background-color has-text-color is-layout-flow wp-block-column-is-layout-flow\">\n<figure class=\"wp-block-image size-large\"><img decoding=\"async\" src=\"https:\/\/cigalmaracademy.files.wordpress.com\/2022\/12\/squid-pasta-with-marinara-sauce-recipe-8.jpg?w=1024\" alt=\"\" class=\"wp-image-121\"\/><\/figure>\n\n\n\n<h2 class=\"wp-block-heading has-base-color has-text-color has-large-font-size\"><strong>pasta con anillas de pota<\/strong><\/h2>\n\n\n\n<p class=\"has-medium-font-size\"><strong>ingredientes<\/strong><\/p>\n\n\n\n<ul>\n<li>200 gr Pasta al gusto<\/li>\n\n\n\n<li>200 gr Pota en anillas o tiras.<\/li>\n\n\n\n<li>200 gr Tomates troceados<\/li>\n\n\n\n<li>1 Cebolla grande picada<\/li>\n\n\n\n<li>1 Diente de ajo picado<\/li>\n\n\n\n<li>1\/2 Vaso de vino blanco seco<\/li>\n\n\n\n<li>Perejil<\/li>\n\n\n\n<li>Sal marina<\/li>\n\n\n\n<li>Aceite de oliva<\/li>\n<\/ul>\n\n\n\n<p>En una cazo a fuego medio alto, echamos un buen chorro de aceite de olivas y cuando este caliente, incorporamos el ajo hasta dorarse. A continuaci\u00f3n echamos la cebolla y la dejamos pochar y posteriormente a\u00f1adimos el tomate en trozos peque\u00f1os y dejamos cocinar a fuego bajo y reservamos.<\/p>\n\n\n\n<p>Mientras esperamos, limpiamos y preparados la pota y la cortamos al gusto en anillas o tiras y la ponemos a cocinar con el sofrito. Subimos un poco el fuego para que se cocine la pota y cuando est\u00e9 lista a\u00f1adimos m\u00e1s agua y el vino blanco. En este mismo momento a\u00f1adimos la pasta para que se cocine con el resto. Esperaremos 10 minutos m\u00e1s.<\/p>\n\n\n\n<p>Comprobamos la cocci\u00f3n de la pasta y retiramos del fuego, a\u00f1adimos el perejil muy picado y servimos.<\/p>\n<\/div>\n<\/div>\n<\/div>\n\n\n\n<div class=\"wp-block-group alignwide has-vivid-cyan-blue-color has-background-background-color has-text-color has-background is-layout-flow wp-block-group-is-layout-flow\">\n<p class=\"has-text-align-left has-base-color has-secondary-background-color has-text-color has-background\" style=\"padding-top:26px;padding-right:26px;padding-bottom:26px;padding-left:26px;font-size:clamp(2.331rem, 2.331rem + ((1vw - 0.2rem) * 3.58), 4.3rem);\"><strong>pot\u00f3n<\/strong><\/p>\n\n\n\n<div class=\"wp-block-group alignwide is-style-default has-text-color is-layout-flow wp-block-group-is-layout-flow\" style=\"color:#294171;padding-top:0px;padding-right:0px;padding-bottom:0px;padding-left:0px\">\n<div class=\"wp-block-columns alignwide is-layout-flex wp-container-core-columns-layout-2 wp-block-columns-is-layout-flex\">\n<div class=\"wp-block-column is-layout-flow wp-block-column-is-layout-flow\" style=\"flex-basis:33.33%\">\n<p class=\"has-secondary-color has-text-color has-large-font-size\"><strong>rejos de poton asado<\/strong><\/p>\n\n\n\n<p class=\"has-medium-font-size\"><strong>ingredientes<\/strong><\/p>\n\n\n\n<ul>\n<li>300 g Rejos de pot\u00f3n<\/li>\n\n\n\n<li>100g Patatas baby<\/li>\n\n\n\n<li>1 Pimiento rojo<\/li>\n\n\n\n<li>1 Cabeza lechuga<\/li>\n\n\n\n<li>4 Tomates peque\u00f1os<\/li>\n\n\n\n<li>200ml Vino blanco<\/li>\n\n\n\n<li>Vinagre de vino blanco<\/li>\n\n\n\n<li>Aceite de oliva<\/li>\n\n\n\n<li>Sal pimienta<\/li>\n\n\n\n<li>1 Lim\u00f3n<\/li>\n<\/ul>\n\n\n\n<p>Comenzamos el d\u00eda previo macerando en un bol los rejos con el vino blanco en aceite y el zumo de medio lim\u00f3n.<\/p>\n\n\n\n<p>Cuando vamos a cocinar, precalentando el horno a 250\u00ba y mientras colocamos en una bandeja los rejos que preparamos junto a las patatas los tomates y el pimiento enteros con la mezcla en la que se marinaron los rejos. <\/p>\n<\/div>\n\n\n\n<div class=\"wp-block-column is-layout-flow wp-block-column-is-layout-flow\" style=\"flex-basis:66.66%\">\n<figure class=\"wp-block-image size-large\"><img decoding=\"async\" src=\"https:\/\/cigalmaracademy.files.wordpress.com\/2023\/02\/pexels-evgeni-lazarev-8971797-edited.jpg\" alt=\"\" class=\"wp-image-861\"\/><\/figure>\n\n\n\n<p>Metemos al horno y dejamos cocinar durante 40&#8242;.<\/p>\n\n\n\n<p> Mientras tanto preparamos la lechuga, la lavamos. Una vez transcurrido el tiempo comprobamos si est\u00e1n todo cocinado y retiramos, servimos una porci\u00f3n en cada plato acompa\u00f1ando con la lechuga, ali\u00f1amos con vinagre y sal y servimos.<\/p>\n<\/div>\n<\/div>\n\n\n\n<div style=\"height:48px\" aria-hidden=\"true\" class=\"wp-block-spacer\"><\/div>\n\n\n\n<figure class=\"wp-block-embed is-type-video is-provider-youtube wp-block-embed-youtube wp-embed-aspect-16-9 wp-has-aspect-ratio\"><div class=\"wp-block-embed__wrapper\">\n<iframe loading=\"lazy\" title=\"ARROZ MELOSO con CALAMARES POTA paso a paso \u2764\ufe0f 4 min [Recetas de pescado]\" width=\"500\" height=\"281\" src=\"https:\/\/www.youtube.com\/embed\/d1nAGcwy0Kg?start=1&#038;feature=oembed\" frameborder=\"0\" allow=\"accelerometer; autoplay; clipboard-write; encrypted-media; gyroscope; picture-in-picture; web-share\" allowfullscreen><\/iframe>\n<\/div><figcaption class=\"wp-element-caption\"><strong>Arroz meloso con dados de pota<\/strong> | Chef Mateo Blanco<\/figcaption><\/figure>\n\n\n\n<div style=\"height:42px\" aria-hidden=\"true\" class=\"wp-block-spacer\"><\/div>\n\n\n\n<div class=\"wp-block-columns alignwide is-layout-flex wp-container-core-columns-layout-3 wp-block-columns-is-layout-flex\">\n<div class=\"wp-block-column is-layout-flow wp-block-column-is-layout-flow\" style=\"flex-basis:33.33%\">\n<h1 class=\"wp-block-heading has-large-font-size\" style=\"line-height:1.2\"><strong>pot\u00f3n con salsa de tomate<\/strong><\/h1>\n\n\n\n<p class=\"has-medium-font-size\"><strong>ingredientes<\/strong><\/p>\n\n\n\n<ul>\n<li>1 Kg Rejos de pot\u00f3n<\/li>\n\n\n\n<li>1 Cebolleta<\/li>\n\n\n\n<li>1\/2 Pimiento verde<\/li>\n\n\n\n<li>1\/2 Pimiento rojo<\/li>\n\n\n\n<li>2 Tomates maduros de pera<\/li>\n\n\n\n<li>2 Dientes de ajo<\/li>\n\n\n\n<li>Aceite de oliva<\/li>\n\n\n\n<li>Piment\u00f3n dulce<\/li>\n\n\n\n<li>1 Vaso de agua<\/li>\n\n\n\n<li>1\/2 Vaso de vino blanco<\/li>\n\n\n\n<li>Pimienta<\/li>\n\n\n\n<li>Sal<\/li>\n<\/ul>\n\n\n\n<p>Esta receta es muy sencilla, se puede preparar todo en la misma olla o por separado pot\u00f3n y salsa.<\/p>\n\n\n\n<p>Por un lado coceremos los rejos de pot\u00f3n en una olla grande sin sal. Lo dejaremos durante 20-25 minutos pinchando la carne para comprobar si esta listo, en ese momento retiramos y reservamos. <\/p>\n<\/div>\n\n\n\n<div class=\"wp-block-column is-layout-flow wp-block-column-is-layout-flow\" style=\"flex-basis:66.66%\">\n<figure class=\"wp-block-image size-large\"><img decoding=\"async\" src=\"https:\/\/cigalmaracademy.files.wordpress.com\/2023\/02\/pexels-rachel-claire-4825737-edited.jpg\" alt=\"\" class=\"wp-image-860\"\/><\/figure>\n\n\n\n<p>La salsa en un sofrito muy sencillo. En una olla con aceite echamos los ajos y la cebolleta rehogamos e incorporamos primero los pimientos y por ultimo el tomate, todo muy bien picado. Bajamos el fuego e incorporamos el agua y el vino, salpimentamos y dejamos reducir a fuego bajo.<\/p>\n\n\n\n<p>Podemos incorporar los rejos a la salsa o ponerla como acompa\u00f1amiento en el plato, servimos con un poco de piment\u00f3n. <\/p>\n<\/div>\n<\/div>\n<\/div>\n<\/div>\n\n\n\n<p class=\"has-text-align-left has-base-color has-secondary-background-color has-text-color has-background\" style=\"padding-top:26px;padding-right:26px;padding-bottom:26px;padding-left:26px;font-size:clamp(2.331rem, 2.331rem + ((1vw - 0.2rem) * 3.58), 4.3rem);\"><strong>calamares<\/strong><\/p>\n\n\n\n<div class=\"wp-block-group alignfull has-base-color has-secondary-background-color has-text-color has-background has-global-padding is-content-justification-center is-layout-constrained wp-block-group-is-layout-constrained\" style=\"padding-top:var(--wp--preset--spacing--40);padding-bottom:var(--wp--preset--spacing--40)\">\n<div class=\"wp-block-group alignwide has-global-padding is-layout-constrained wp-container-core-group-layout-4 wp-block-group-is-layout-constrained\">\n<div class=\"wp-block-columns alignwide is-layout-flex wp-container-core-columns-layout-4 wp-block-columns-is-layout-flex\">\n<div class=\"wp-block-column is-layout-flow wp-block-column-is-layout-flow\">\n<figure class=\"wp-block-image size-large\"><img decoding=\"async\" src=\"https:\/\/cigalmaracademy.files.wordpress.com\/2023\/02\/istockphoto-1312968662-2048x2048-1.jpg?w=1024\" alt=\"\" class=\"wp-image-854\"\/><\/figure>\n\n\n\n<p>Comenzamos precalentando el aceite en una sart\u00e9n o freidora y mientras, preparamos los calamares. Vamos a enharinarlos y retirar el exceso y los pasamos por el huevo batido (reservamos un huevo para el alioli). Cuando el aceite est\u00e1 caliente metemos con calamares hasta que est\u00e9n dorados y los retiramos a un plato con papel absorbente.<\/p>\n\n\n\n<p>Mientras esperamos un poco a que enfr\u00eden los calamares vamos abriendo el pan y lo calentamos en el horno o en una tostadora.<\/p>\n<\/div>\n\n\n\n<div class=\"wp-block-column is-layout-flow wp-block-column-is-layout-flow\">\n<p class=\"has-large-font-size\"><strong>bocata de calamares<\/strong><\/p>\n\n\n\n<p class=\"has-medium-font-size\"><strong>ingredientes<\/strong><\/p>\n\n\n\n<ul>\n<li>300g Calamar en anillas<\/li>\n\n\n\n<li>&nbsp;2 Huevo<\/li>\n\n\n\n<li>Harina<\/li>\n\n\n\n<li>Aceite de girasol<\/li>\n\n\n\n<li>1 Chapata<\/li>\n\n\n\n<li>Vinagre de vino blanco<\/li>\n\n\n\n<li>Sal<\/li>\n\n\n\n<li>1 Diente de ajo<\/li>\n\n\n\n<li>Tomate (Opcional)<\/li>\n<\/ul>\n\n\n\n<p>Vamos a preparar la mayonesa, en un vaso de batidora echamos el aceite de girasol, el huevo, el vinagre la sal y el ajo. Colocamos el brazo de la batidora y comenzamos a batir sin moverlo y a una velocidad muy baja hasta que empiece a tener cuerpo, en ese momento empezamos a mover el brazo y terminamos cuando todos los ingredientes est\u00e9n incorporados.<\/p>\n\n\n\n<p>Lo ultimo es montar el bocata, abrimos la chapata y untamos si queremos con el tomate, echamos el alioli y colocamos los calamares. Servimos en un plato.<\/p>\n<\/div>\n<\/div>\n<\/div>\n<\/div>\n\n\n\n<div style=\"height:24px\" aria-hidden=\"true\" class=\"wp-block-spacer\"><\/div>\n\n\n\n<div class=\"wp-block-columns alignwide has-text-color is-layout-flex wp-container-core-columns-layout-5 wp-block-columns-is-layout-flex\" style=\"color:#2c4e7a\">\n<div class=\"wp-block-column is-layout-flow wp-block-column-is-layout-flow\" style=\"flex-basis:33.33%\">\n<h2 class=\"wp-block-heading has-large-font-size\" style=\"font-style:normal;font-weight:700;line-height:1.2\"><strong>calamares a la brasa<\/strong><\/h2>\n\n\n\n<p class=\"has-medium-font-size\"><strong>ingredientes<\/strong><\/p>\n\n\n\n<ul>\n<li>300g Calamar entero<\/li>\n\n\n\n<li>Aceite de oliva virgen extra<\/li>\n\n\n\n<li>Lim\u00f3n<\/li>\n\n\n\n<li>Lechuga, brotes y hojas de r\u00facula<\/li>\n\n\n\n<li>Sal<\/li>\n<\/ul>\n\n\n\n<p class=\"has-text-color\" style=\"color:#294171\">Esta receta es muy sencilla, empezamos limpiando el calamar. Vamos a retirar todo la piel y el cuerpo tirando de los rejos. Aqu\u00ed quitamos el pico del calamar apretando y cortamos los rejos del resto del cuerpo esta parte no la vamos a usar.<\/p>\n\n\n\n<p class=\"has-text-color\" style=\"color:#283456\">Ponemos a calentar una sart\u00e9n con un poco de aceite de oliva y cuando est\u00e9 caliente colocamos los calamares y los dejamos fre\u00edr unos minutos por cada lado. <\/p>\n<\/div>\n\n\n\n<div class=\"wp-block-column is-layout-flow wp-block-column-is-layout-flow\" style=\"flex-basis:66.66%\">\n<figure class=\"wp-block-image aligncenter size-large\"><img decoding=\"async\" src=\"https:\/\/cigalmaracademy.files.wordpress.com\/2023\/02\/istockphoto-1319827516-2048x2048-1.jpg?w=1024\" alt=\"\" class=\"wp-image-855\"\/><\/figure>\n\n\n\n<p>Cuando est\u00e9n dorado los retiramos de la sart\u00e9n y les echamos un poco de zumo de lim\u00f3n para darles un toque \u00e1cido. Preparamos la ensalada con todas las hojas y ali\u00f1amos con un poco de aceite, vinagre y poco de lim\u00f3n. Servimos como acompa\u00f1amiento de los calamares.<\/p>\n<\/div>\n<\/div>\n\n\n\n<div style=\"height:100px\" aria-hidden=\"true\" class=\"wp-block-spacer\"><\/div>\n\n\n\n<div class=\"wp-block-group alignfull has-text-color is-layout-flow wp-block-group-is-layout-flow\" style=\"color:#11266d;margin-top:0px;margin-bottom:0px\">\n<div class=\"wp-block-columns is-layout-flex wp-container-core-columns-layout-6 wp-block-columns-is-layout-flex\">\n<div class=\"wp-block-column is-layout-flow wp-block-column-is-layout-flow\">\n<figure class=\"wp-block-embed is-type-video is-provider-youtube wp-block-embed-youtube wp-embed-aspect-16-9 wp-has-aspect-ratio\"><div class=\"wp-block-embed__wrapper\">\n<iframe loading=\"lazy\" title=\"#ollagmg POT\u00d3N A LA GALLEGA EN OLLA GM G\/BEATRIZ- COCINA.\" width=\"500\" height=\"281\" src=\"https:\/\/www.youtube.com\/embed\/sSfF9vWqIT0?feature=oembed\" frameborder=\"0\" allow=\"accelerometer; autoplay; clipboard-write; encrypted-media; gyroscope; picture-in-picture; web-share\" allowfullscreen><\/iframe>\n<\/div><figcaption class=\"wp-element-caption\"><strong><a href=\"https:\/\/www.youtube.com\/hashtag\/ollagmg\">#ollagmg<\/a>&nbsp;Pot\u00f3n a la Gallega en Olla GM<\/strong> | Beatriz Cocina   <a href=\"https:\/\/www.youtube.com\/watch?v=e09g1VeoudQ\">.<\/a><\/figcaption><\/figure>\n\n\n\n<figure class=\"wp-block-embed is-type-video is-provider-youtube wp-block-embed-youtube wp-embed-aspect-16-9 wp-has-aspect-ratio\"><div class=\"wp-block-embed__wrapper\">\n<iframe loading=\"lazy\" title=\"Gyozas de Calamar\" width=\"500\" height=\"281\" src=\"https:\/\/www.youtube.com\/embed\/Nh8BzcyjshE?feature=oembed\" frameborder=\"0\" allow=\"accelerometer; autoplay; clipboard-write; encrypted-media; gyroscope; picture-in-picture; web-share\" allowfullscreen><\/iframe>\n<\/div><figcaption class=\"wp-element-caption\"><strong>Gyozas de calamar <\/strong>| Fuego de mortero<\/figcaption><\/figure>\n\n\n\n<figure class=\"wp-block-embed is-type-video is-provider-youtube wp-block-embed-youtube wp-embed-aspect-16-9 wp-has-aspect-ratio\"><div class=\"wp-block-embed__wrapper\">\n<iframe loading=\"lazy\" title=\"POTA AL AJILLO\" width=\"500\" height=\"281\" src=\"https:\/\/www.youtube.com\/embed\/e09g1VeoudQ?feature=oembed\" frameborder=\"0\" allow=\"accelerometer; autoplay; clipboard-write; encrypted-media; gyroscope; picture-in-picture; web-share\" allowfullscreen><\/iframe>\n<\/div><figcaption class=\"wp-element-caption\"><strong>Pota al Ajillo<\/strong> | Web elbullirdeagus<br><br><\/figcaption><\/figure>\n<\/div>\n\n\n\n<div class=\"wp-block-column is-layout-flow wp-block-column-is-layout-flow\">\n<figure class=\"wp-block-embed is-type-video is-provider-youtube wp-block-embed-youtube wp-embed-aspect-16-9 wp-has-aspect-ratio\"><div class=\"wp-block-embed__wrapper\">\n<iframe loading=\"lazy\" title=\"Receta de Calamares en Salsa\" width=\"500\" height=\"281\" src=\"https:\/\/www.youtube.com\/embed\/3ouzHWLSoJY?feature=oembed\" frameborder=\"0\" allow=\"accelerometer; autoplay; clipboard-write; encrypted-media; gyroscope; picture-in-picture; web-share\" allowfullscreen><\/iframe>\n<\/div><figcaption class=\"wp-element-caption\"><strong>Receta de calamares en salsa<\/strong> | Cocina con Carmen <\/figcaption><\/figure>\n\n\n\n<figure class=\"wp-block-embed is-type-video is-provider-youtube wp-block-embed-youtube wp-embed-aspect-16-9 wp-has-aspect-ratio\"><div class=\"wp-block-embed__wrapper\">\n<iframe loading=\"lazy\" title=\"POTA EN SALSA DE TOMATE, F\u00c1CIL Y RIQU\u00cdSIMO PLATO\ud83d\ude0b\ud83d\ude0b\" width=\"500\" height=\"281\" src=\"https:\/\/www.youtube.com\/embed\/0_cX2ECF8cA?feature=oembed\" frameborder=\"0\" allow=\"accelerometer; autoplay; clipboard-write; encrypted-media; gyroscope; picture-in-picture; web-share\" allowfullscreen><\/iframe>\n<\/div><figcaption class=\"wp-element-caption\"><strong>Pota en salsa de tomate, f\u00e1cil y riqu\u00edsimo plato<\/strong> | Lass cosicas de Cristina<\/figcaption><\/figure>\n\n\n\n<figure class=\"wp-block-embed is-type-video is-provider-youtube wp-block-embed-youtube wp-embed-aspect-16-9 wp-has-aspect-ratio\"><div class=\"wp-block-embed__wrapper\">\n<iframe loading=\"lazy\" title=\"\ud83d\udca2\ud83d\udca2RABAS\ud83d\udca2\ud83d\udca2POTON\ud83d\udca2REBOZADO PARA CALAMAR,POTA,POTON PULPO,XIVIA,PESCADO\ud83d\udca2COMO HACER UN DELICIOSO REBOZADO\" width=\"500\" height=\"281\" src=\"https:\/\/www.youtube.com\/embed\/wHJXtPcjxwY?feature=oembed\" frameborder=\"0\" allow=\"accelerometer; autoplay; clipboard-write; encrypted-media; gyroscope; picture-in-picture; web-share\" allowfullscreen><\/iframe>\n<\/div><figcaption class=\"wp-element-caption\"><strong>Rabas pot\u00f3n rebozado para calamar pota, pot\u00f3n, xivia, pescado<\/strong> | Jose Manuel Exp\u00f3sito L\u00f3pez <\/figcaption><\/figure>\n<\/div>\n\n\n\n<div class=\"wp-block-column is-layout-flow wp-block-column-is-layout-flow\">\n<figure class=\"wp-block-embed is-type-video is-provider-youtube wp-block-embed-youtube wp-embed-aspect-16-9 wp-has-aspect-ratio\"><div class=\"wp-block-embed__wrapper\">\n<iframe loading=\"lazy\" title=\"GUISO DE PATATAS CON POT\u00d3N : RECETA TRADICIONAL\" width=\"500\" height=\"281\" src=\"https:\/\/www.youtube.com\/embed\/i1tVUMCEhhA?feature=oembed\" frameborder=\"0\" allow=\"accelerometer; autoplay; clipboard-write; encrypted-media; gyroscope; picture-in-picture; web-share\" allowfullscreen><\/iframe>\n<\/div><figcaption class=\"wp-element-caption\"><strong>Guiso de patatas con pot\u00f3n Receta tradicional <\/strong>| Sara mi cocina<\/figcaption><\/figure>\n\n\n\n<figure class=\"wp-block-embed is-type-video is-provider-youtube wp-block-embed-youtube wp-embed-aspect-16-9 wp-has-aspect-ratio\"><div class=\"wp-block-embed__wrapper\">\n<iframe loading=\"lazy\" title=\"Calamares a la romana con cerveza\" width=\"500\" height=\"281\" src=\"https:\/\/www.youtube.com\/embed\/YUbkVV__PkI?feature=oembed\" frameborder=\"0\" allow=\"accelerometer; autoplay; clipboard-write; encrypted-media; gyroscope; picture-in-picture; web-share\" allowfullscreen><\/iframe>\n<\/div><figcaption class=\"wp-element-caption\"><strong>Calamares a la romana<\/strong> | Anna recetas f\u00e1ciles<\/figcaption><\/figure>\n\n\n\n<figure class=\"wp-block-embed is-type-video is-provider-youtube wp-block-embed-youtube wp-embed-aspect-16-9 wp-has-aspect-ratio\"><div class=\"wp-block-embed__wrapper\">\n<iframe loading=\"lazy\" title=\"ARROZ CALDOSO con SEPIA \u00f3 POTA | Una receta f\u00e1cil\" width=\"500\" height=\"281\" src=\"https:\/\/www.youtube.com\/embed\/W_F0quzIIJs?feature=oembed\" frameborder=\"0\" allow=\"accelerometer; autoplay; clipboard-write; encrypted-media; gyroscope; picture-in-picture; web-share\" allowfullscreen><\/iframe>\n<\/div><figcaption class=\"wp-element-caption\"><strong>Arroz caldoso con sepia o pota Una receta f\u00e1cil <\/strong>| La cocina de Isabelu<\/figcaption><\/figure>\n<\/div>\n<\/div>\n<\/div>\n","protected":false},"excerpt":{"rendered":"<p>pota crujientes de pota y gambas ingredientes Comenzamos pelando y limpiando los langostinos cortamos tambi\u00e9n la pota a nuestro gusto. Vamos a batir 1 huevo y a pasar la pota y las gambas por \u00e9l, a continuaci\u00f3n pasamos todo por el pan rallado aunque lo podemos sustituir por copos de cereales triturados y lo vamos [&hellip;]<\/p>\n","protected":false},"author":1,"featured_media":0,"parent":0,"menu_order":0,"comment_status":"closed","ping_status":"closed","template":"","meta":{"footnotes":""},"_links":{"self":[{"href":"https:\/\/recetasdelmar.com\/index.php\/wp-json\/wp\/v2\/pages\/51"}],"collection":[{"href":"https:\/\/recetasdelmar.com\/index.php\/wp-json\/wp\/v2\/pages"}],"about":[{"href":"https:\/\/recetasdelmar.com\/index.php\/wp-json\/wp\/v2\/types\/page"}],"author":[{"embeddable":true,"href":"https:\/\/recetasdelmar.com\/index.php\/wp-json\/wp\/v2\/users\/1"}],"replies":[{"embeddable":true,"href":"https:\/\/recetasdelmar.com\/index.php\/wp-json\/wp\/v2\/comments?post=51"}],"version-history":[{"count":14,"href":"https:\/\/recetasdelmar.com\/index.php\/wp-json\/wp\/v2\/pages\/51\/revisions"}],"predecessor-version":[{"id":339,"href":"https:\/\/recetasdelmar.com\/index.php\/wp-json\/wp\/v2\/pages\/51\/revisions\/339"}],"wp:attachment":[{"href":"https:\/\/recetasdelmar.com\/index.php\/wp-json\/wp\/v2\/media?parent=51"}],"curies":[{"name":"wp","href":"https:\/\/api.w.org\/{rel}","templated":true}]}}